{"id":3968,"date":"2026-02-05T10:26:19","date_gmt":"2026-02-05T10:26:19","guid":{"rendered":"https:\/\/cortec-cortantes.com\/beta1\/?page_id=3968"},"modified":"2026-03-04T00:18:19","modified_gmt":"2026-03-04T00:18:19","slug":"accessibility-policy","status":"publish","type":"page","link":"https:\/\/cortec-cortantes.com\/en\/accessibility-policy\/","title":{"rendered":"Accessibility Policy"},"content":{"rendered":"<div data-elementor-type=\"wp-page\" data-elementor-id=\"3968\" class=\"elementor elementor-3968\" data-elementor-post-type=\"page\">\n\t\t\t\t<div class=\"elementor-element elementor-element-32915019 e-flex e-con-boxed e-con e-parent\" data-id=\"32915019\" data-element_type=\"container\" data-e-type=\"container\">\n\t\t\t\t\t<div class=\"e-con-inner\">\n\t\t\t\t<div class=\"elementor-element elementor-element-502e7142 elementor-widget elementor-widget-spacer\" data-id=\"502e7142\" data-element_type=\"widget\" data-e-type=\"widget\" data-widget_type=\"spacer.default\">\n\t\t\t\t\t\t\t<div class=\"elementor-spacer\">\n\t\t\t<div class=\"elementor-spacer-inner\"><\/div>\n\t\t<\/div>\n\t\t\t\t\t\t<\/div>\n\t\t\t\t\t<\/div>\n\t\t\t\t<\/div>\n\t\t<div class=\"elementor-element elementor-element-7630f243 e-flex e-con-boxed e-con e-parent\" data-id=\"7630f243\" data-element_type=\"container\" data-e-type=\"container\" data-settings=\"{&quot;background_background&quot;:&quot;classic&quot;}\">\n\t\t\t\t\t<div class=\"e-con-inner\">\n\t\t\t\t<div class=\"elementor-element elementor-element-3ee234b1 elementor-widget elementor-widget-heading\" data-id=\"3ee234b1\" data-element_type=\"widget\" data-e-type=\"widget\" data-widget_type=\"heading.default\">\n\t\t\t\t\t<h2 class=\"elementor-heading-title elementor-size-default\">Accessibility Statement for Cortec Cortantes<\/h2>\t\t\t\t<\/div>\n\t\t\t\t<div class=\"elementor-element elementor-element-1e557f25 elementor-widget elementor-widget-text-editor\" data-id=\"1e557f25\" data-element_type=\"widget\" data-e-type=\"widget\" data-widget_type=\"text-editor.default\">\n\t\t\t\t\t\t\t\t\t<p>\u00a0<\/p><div id=\"statement_header\"><p data-start=\"58\" data-end=\"121\">This is an accessibility statement from PRIMECUT, SOLU\u00c7\u00d5ES DE CORTE, LDA.<\/p><h3 data-start=\"128\" data-end=\"154\">Compliance status<\/h3><p data-start=\"156\" data-end=\"418\">The <strong data-start=\"159\" data-end=\"216\">Web Content Accessibility Guidelines (WCAG)<\/strong> define requirements for designers and programmers with the aim of improving accessibility for people with disabilities. The WCAG defines three levels of compliance: Level A, Level AA and Level AAA.<\/p><p data-start=\"420\" data-end=\"616\">A <strong data-start=\"422\" data-end=\"442\">Cortec Cutting<\/strong> is fully compliant with the <strong data-start=\"475\" data-end=\"498\">WCAG 2.2 - level AA<\/strong>. Fully compliant means that the content fully complies with the accessibility standard, without any exceptions.<\/p><h3 data-start=\"623\" data-end=\"635\">Feedback<\/h3><p data-start=\"637\" data-end=\"797\">Thank you for your feedback on the accessibility of the <strong data-start=\"690\" data-end=\"710\">Cortec Cutting<\/strong>. If you find accessibility barriers at Cortec Cortantes, please let us know:<\/p><p data-start=\"799\" data-end=\"835\"><strong data-start=\"799\" data-end=\"810\">E-mail:<\/strong> <a class=\"decorated-link cursor-pointer\" rel=\"noopener\" data-start=\"811\" data-end=\"835\">geral@cortecprimecut.com<\/a><\/p><h3 data-start=\"842\" data-end=\"869\">Technical specifications<\/h3><p data-start=\"871\" data-end=\"1081\">The accessibility of <strong data-start=\"891\" data-end=\"911\">Cortec Cutting<\/strong> relies on the following technologies to work with the specific combination of web browser and any supporting technologies or plugins installed on your computer:<\/p><ul data-start=\"1083\" data-end=\"1112\"><li data-start=\"1083\" data-end=\"1091\"><p data-start=\"1085\" data-end=\"1091\">HTML<\/p><\/li><li data-start=\"1092\" data-end=\"1104\"><p data-start=\"1094\" data-end=\"1104\">WAI-ARIA<\/p><\/li><li data-start=\"1105\" data-end=\"1112\"><p data-start=\"1107\" data-end=\"1112\">CSS<\/p><\/li><\/ul><p data-start=\"1114\" data-end=\"1217\">These technologies are used to ensure compliance with the accessibility standards adopted.<\/p><h3 data-start=\"1224\" data-end=\"1247\">Evaluation method<\/h3><p data-start=\"1249\" data-end=\"1350\">A <strong data-start=\"1251\" data-end=\"1270\">CORTEC Primecut<\/strong> evaluated the accessibility of <strong data-start=\"1299\" data-end=\"1319\">Cortec Cutting<\/strong> through the following approach:<\/p><ul data-start=\"1352\" data-end=\"1367\"><li data-start=\"1352\" data-end=\"1367\"><p data-start=\"1354\" data-end=\"1367\">Self-evaluation<\/p><\/li><\/ul><h3 data-start=\"1374\" data-end=\"1382\">Date<\/h3><p data-start=\"1384\" data-end=\"1521\">This declaration was created in <strong data-start=\"1414\" data-end=\"1440\">5th February 2026<\/strong>, using the <strong data-start=\"1455\" data-end=\"1520\">W3C Accessibility Statement Generation Tool<\/strong>.<\/p><\/div>\t\t\t\t\t\t\t\t<\/div>\n\t\t\t\t\t<\/div>\n\t\t\t\t<\/div>\n\t\t\t\t<\/div>","protected":false},"excerpt":{"rendered":"<p>Declara\u00e7\u00e3o de Acessibilidade para a Cortec Cortantes \u00a0 Esta \u00e9 uma declara\u00e7\u00e3o de acessibilidade da PRIMECUT, SOLU\u00c7\u00d5ES DE CORTE, LDA. Estado de conformidade As Diretrizes de Acessibilidade para Conte\u00fado Web (WCAG) definem requisitos para designers e programadores com o objetivo de melhorar a acessibilidade para pessoas com defici\u00eancia. As WCAG definem tr\u00eas n\u00edveis de conformidade: [&hellip;]<\/p>\n","protected":false},"author":1,"featured_media":0,"parent":0,"menu_order":0,"comment_status":"closed","ping_status":"closed","template":"","meta":{"footnotes":""},"class_list":["post-3968","page","type-page","status-publish","hentry"],"_links":{"self":[{"href":"https:\/\/cortec-cortantes.com\/en\/wp-json\/wp\/v2\/pages\/3968","targetHints":{"allow":["GET"]}}],"collection":[{"href":"https:\/\/cortec-cortantes.com\/en\/wp-json\/wp\/v2\/pages"}],"about":[{"href":"https:\/\/cortec-cortantes.com\/en\/wp-json\/wp\/v2\/types\/page"}],"author":[{"embeddable":true,"href":"https:\/\/cortec-cortantes.com\/en\/wp-json\/wp\/v2\/users\/1"}],"replies":[{"embeddable":true,"href":"https:\/\/cortec-cortantes.com\/en\/wp-json\/wp\/v2\/comments?post=3968"}],"version-history":[{"count":21,"href":"https:\/\/cortec-cortantes.com\/en\/wp-json\/wp\/v2\/pages\/3968\/revisions"}],"predecessor-version":[{"id":4251,"href":"https:\/\/cortec-cortantes.com\/en\/wp-json\/wp\/v2\/pages\/3968\/revisions\/4251"}],"wp:attachment":[{"href":"https:\/\/cortec-cortantes.com\/en\/wp-json\/wp\/v2\/media?parent=3968"}],"curies":[{"name":"wp","href":"https:\/\/api.w.org\/{rel}","templated":true}]}}