{"id":3979,"date":"2026-02-05T10:41:46","date_gmt":"2026-02-05T10:41:46","guid":{"rendered":"https:\/\/cortec-cortantes.com\/beta1\/?page_id=3979"},"modified":"2026-03-04T00:19:35","modified_gmt":"2026-03-04T00:19:35","slug":"cookie-policy","status":"publish","type":"page","link":"https:\/\/cortec-cortantes.com\/en\/cookie-policy\/","title":{"rendered":"Cookie Policy"},"content":{"rendered":"<div data-elementor-type=\"wp-page\" data-elementor-id=\"3979\" class=\"elementor elementor-3979\" data-elementor-post-type=\"page\">\n\t\t\t\t<div class=\"elementor-element elementor-element-7c66c560 e-flex e-con-boxed e-con e-parent\" data-id=\"7c66c560\" data-element_type=\"container\" data-e-type=\"container\">\n\t\t\t\t\t<div class=\"e-con-inner\">\n\t\t\t\t<div class=\"elementor-element elementor-element-1c30658b elementor-widget elementor-widget-spacer\" data-id=\"1c30658b\" data-element_type=\"widget\" data-e-type=\"widget\" data-widget_type=\"spacer.default\">\n\t\t\t\t\t\t\t<div class=\"elementor-spacer\">\n\t\t\t<div class=\"elementor-spacer-inner\"><\/div>\n\t\t<\/div>\n\t\t\t\t\t\t<\/div>\n\t\t\t\t\t<\/div>\n\t\t\t\t<\/div>\n\t\t<div class=\"elementor-element elementor-element-11999a42 e-flex e-con-boxed e-con e-parent\" data-id=\"11999a42\" data-element_type=\"container\" data-e-type=\"container\" data-settings=\"{&quot;background_background&quot;:&quot;classic&quot;}\">\n\t\t\t\t\t<div class=\"e-con-inner\">\n\t\t\t\t<div class=\"elementor-element elementor-element-e12d5af elementor-widget elementor-widget-heading\" data-id=\"e12d5af\" data-element_type=\"widget\" data-e-type=\"widget\" data-widget_type=\"heading.default\">\n\t\t\t\t\t<h2 class=\"elementor-heading-title elementor-size-default\">Cookie Policy<\/h2>\t\t\t\t<\/div>\n\t\t\t\t<div class=\"elementor-element elementor-element-35975cb3 elementor-widget elementor-widget-text-editor\" data-id=\"35975cb3\" data-element_type=\"widget\" data-e-type=\"widget\" data-widget_type=\"text-editor.default\">\n\t\t\t\t\t\t\t\t\t<p>Last updated: 05 February 2026<\/p><p>This Cookie Policy explains what Cookies are and how we use them. You should read this policy to understand what type of cookies we use, or what information we collect through cookies and how that information is used. This Cookie Policy was created with the help of <a href=\"https:\/\/www.termsfeed.com\/cookies-policy-generator\/\" target=\"_blank\" rel=\"noopener\">Cookie Policy Generator<\/a>.<\/p><p>Cookies do not normally contain any information that personally identifies a user, but the personal information we store about you may be associated with the information stored and obtained through cookies. For more information on how we use, store and keep your personal data secure, please refer to our Privacy Policy, if and when it is available on the Website or on our website.<\/p><p>We do not store sensitive personal information such as addresses, account passwords and so on in the cookies we use.<\/p><h2>Interpretation and Definitions<\/h2><h3>Interpretation<\/h3><p>Words whose initial letter is capitalised have the meanings defined in the following conditions. The following definitions have the same meaning regardless of whether they appear in the singular or plural.<\/p><h3>Definitions<\/h3><p>For the purposes of this Cookie Policy:<\/p><ul><li><strong>Company<\/strong> (referida como &#8220;a Empresa&#8221;, &#8220;N\u00f3s&#8221;, &#8220;Nos&#8221; ou &#8220;Nosso&#8221; nesta Pol\u00edtica de Cookies) refere-se a PRIMECUT, SOLU\u00c7\u00d5ES DE CORTE, LDA, Zona Ind. de Pedras Nr. 1, 3700-748 Milheir\u00f3s de Poiares, Portugal.<\/li><li><strong>Cookies<\/strong> are small files that are placed on your computer, mobile device or any other device by a website, containing details of your browsing history on that website, among other uses.<\/li><li><strong>Website<\/strong> refers to Cortec Cortantes, accessible from <a href=\"\/en\/cortec-cortantes.com\/\" target=\"_blank\" rel=\"external nofollow noopener\">cortec-cortantes.com<\/a>.<\/li><li><strong>User<\/strong> means the individual person accessing or using the Website, or a company, or any legal entity on whose behalf such person is accessing or using the Website, as applicable.<\/li><\/ul><h2>Use of Cookies<\/h2><h3>Types of Cookies We Use<\/h3><p>Os cookies podem ser &#8220;Persistentes&#8221; ou &#8220;de Sess\u00e3o&#8221;. Os cookies persistentes permanecem no seu computador pessoal ou dispositivo m\u00f3vel quando fica offline, enquanto os cookies de sess\u00e3o s\u00e3o eliminados assim que fecha o navegador da Internet.<\/p><p>Where required by law, we will ask for your consent before using cookies that are not strictly necessary. Strictly necessary cookies are used to provide the Website and cannot be deactivated on our systems.<\/p><p>We use session cookies and persistent cookies for the purposes described below:<\/p><ul><li><p><strong>Necessary \/ Essential Cookies<\/strong><\/p><p>Type: Session Cookies<\/p><p>Managed by: Us<\/p><p>Purpose: These cookies are essential to provide the services of the Website and allow the use of some of its functionalities. They help authenticate users and prevent fraudulent use of user accounts. Without these cookies, the services requested cannot be provided, and these cookies are used exclusively for this purpose.<\/p><\/li><li><p><strong>Functionality Cookies<\/strong><\/p><p>Type: Persistent Cookies<\/p><p>Managed by: Us<\/p><p>Purpose: These cookies make it possible to remember the choices made by the user when using the Website, such as login details or language preference. The purpose of these cookies is to provide a more personalised experience and prevent you from having to re-enter your preferences every time you use the Website.<\/p><\/li><\/ul><h3>Your Cookie Choices<\/h3><p>If you prefer to prevent the use of cookies on the Website, you must first deactivate the use of cookies in your browser and then delete the cookies stored in the browser associated with the Website. You can use this option to prevent the use of cookies at any time.<\/p><p>If you do not accept our cookies, you may experience some inconveniences when using the Website and some functionalities may not work properly.<\/p><p>If you want to delete cookies or instruct your Internet browser to delete or refuse cookies, please consult your browser's help pages:<\/p><ul><li><p>For the Google Chrome browser, visit this Google page: <a href=\"https:\/\/support.google.com\/accounts\/answer\/32050\" target=\"_blank\" rel=\"external nofollow noopener\">https:\/\/support.google.com\/accounts\/answer\/32050<\/a><\/p><\/li><li><p>For the Microsoft Edge browser, visit this Microsoft page: <a href=\"https:\/\/support.microsoft.com\/microsoft-edge\/delete-cookies-in-microsoft-edge-63947406-40ac-c3b8-57b9-2a946a29ae09\" target=\"_blank\" rel=\"external nofollow noopener\">https:\/\/support.microsoft.com\/microsoft-edge\/delete-cookies-in-microsoft-edge-63947406-40ac-c3b8-57b9-2a946a29ae09<\/a><\/p><\/li><li><p>For the Mozilla Firefox browser, visit this Mozilla page: <a href=\"https:\/\/support.mozilla.org\/en-US\/kb\/delete-cookies-remove-info-websites-stored\" target=\"_blank\" rel=\"external nofollow noopener\">https:\/\/support.mozilla.org\/en-US\/kb\/delete-cookies-remove-info-websites-stored<\/a><\/p><\/li><li><p>For the Safari browser, visit this Apple page: <a href=\"https:\/\/support.apple.com\/guide\/safari\/manage-cookies-and-website-data-sfri11471\/mac\" target=\"_blank\" rel=\"external nofollow noopener\">https:\/\/support.apple.com\/guide\/safari\/manage-cookies-and-website-data-sfri11471\/mac<\/a><\/p><\/li><\/ul><p>For any other browser, consult the official pages of the respective supplier.<\/p><h3>Changes to this Cookie Policy<\/h3><p>Poderemos atualizar esta Pol\u00edtica de Cookies ocasionalmente. A data de &#8220;\u00daltima atualiza\u00e7\u00e3o&#8221; no topo indica quando foi revista pela \u00faltima vez.<\/p><h3>Contact<\/h3><p>If you have any questions about this Cookie Policy, you can contact us:<\/p><ul><li>By e-mail: geral@cortecprimecut.com<\/li><\/ul>\t\t\t\t\t\t\t\t<\/div>\n\t\t\t\t\t<\/div>\n\t\t\t\t<\/div>\n\t\t\t\t<\/div>","protected":false},"excerpt":{"rendered":"<p>Pol\u00edtica de Cookies \u00daltima atualiza\u00e7\u00e3o: 05 de fevereiro de 2026 Esta Pol\u00edtica de Cookies explica o que s\u00e3o Cookies e como os utilizamos. Deve ler esta pol\u00edtica para compreender que tipo de cookies utilizamos, ou que informa\u00e7\u00f5es recolhemos atrav\u00e9s dos cookies e de que forma essas informa\u00e7\u00f5es s\u00e3o utilizadas. Esta Pol\u00edtica de Cookies foi criada [&hellip;]<\/p>\n","protected":false},"author":1,"featured_media":0,"parent":0,"menu_order":0,"comment_status":"closed","ping_status":"closed","template":"","meta":{"footnotes":""},"class_list":["post-3979","page","type-page","status-publish","hentry"],"_links":{"self":[{"href":"https:\/\/cortec-cortantes.com\/en\/wp-json\/wp\/v2\/pages\/3979","targetHints":{"allow":["GET"]}}],"collection":[{"href":"https:\/\/cortec-cortantes.com\/en\/wp-json\/wp\/v2\/pages"}],"about":[{"href":"https:\/\/cortec-cortantes.com\/en\/wp-json\/wp\/v2\/types\/page"}],"author":[{"embeddable":true,"href":"https:\/\/cortec-cortantes.com\/en\/wp-json\/wp\/v2\/users\/1"}],"replies":[{"embeddable":true,"href":"https:\/\/cortec-cortantes.com\/en\/wp-json\/wp\/v2\/comments?post=3979"}],"version-history":[{"count":13,"href":"https:\/\/cortec-cortantes.com\/en\/wp-json\/wp\/v2\/pages\/3979\/revisions"}],"predecessor-version":[{"id":4254,"href":"https:\/\/cortec-cortantes.com\/en\/wp-json\/wp\/v2\/pages\/3979\/revisions\/4254"}],"wp:attachment":[{"href":"https:\/\/cortec-cortantes.com\/en\/wp-json\/wp\/v2\/media?parent=3979"}],"curies":[{"name":"wp","href":"https:\/\/api.w.org\/{rel}","templated":true}]}}