{"id":3968,"date":"2026-02-05T10:26:19","date_gmt":"2026-02-05T10:26:19","guid":{"rendered":"https:\/\/cortec-cortantes.com\/beta1\/?page_id=3968"},"modified":"2026-03-04T00:18:19","modified_gmt":"2026-03-04T00:18:19","slug":"politique-daccessibilite","status":"publish","type":"page","link":"https:\/\/cortec-cortantes.com\/fr\/politique-daccessibilite\/","title":{"rendered":"Politique d'Accessibilit\u00e9"},"content":{"rendered":"<div data-elementor-type=\"wp-page\" data-elementor-id=\"3968\" class=\"elementor elementor-3968\" data-elementor-post-type=\"page\">\n\t\t\t\t<div class=\"elementor-element elementor-element-32915019 e-flex e-con-boxed e-con e-parent\" data-id=\"32915019\" data-element_type=\"container\" data-e-type=\"container\">\n\t\t\t\t\t<div class=\"e-con-inner\">\n\t\t\t\t<div class=\"elementor-element elementor-element-502e7142 elementor-widget elementor-widget-spacer\" data-id=\"502e7142\" data-element_type=\"widget\" data-e-type=\"widget\" data-widget_type=\"spacer.default\">\n\t\t\t\t\t\t\t<div class=\"elementor-spacer\">\n\t\t\t<div class=\"elementor-spacer-inner\"><\/div>\n\t\t<\/div>\n\t\t\t\t\t\t<\/div>\n\t\t\t\t\t<\/div>\n\t\t\t\t<\/div>\n\t\t<div class=\"elementor-element elementor-element-7630f243 e-flex e-con-boxed e-con e-parent\" data-id=\"7630f243\" data-element_type=\"container\" data-e-type=\"container\" data-settings=\"{&quot;background_background&quot;:&quot;classic&quot;}\">\n\t\t\t\t\t<div class=\"e-con-inner\">\n\t\t\t\t<div class=\"elementor-element elementor-element-3ee234b1 elementor-widget elementor-widget-heading\" data-id=\"3ee234b1\" data-element_type=\"widget\" data-e-type=\"widget\" data-widget_type=\"heading.default\">\n\t\t\t\t\t<h2 class=\"elementor-heading-title elementor-size-default\">D\u00e9claration d'accessibilit\u00e9 pour Cortec Cortantes<\/h2>\t\t\t\t<\/div>\n\t\t\t\t<div class=\"elementor-element elementor-element-1e557f25 elementor-widget elementor-widget-text-editor\" data-id=\"1e557f25\" data-element_type=\"widget\" data-e-type=\"widget\" data-widget_type=\"text-editor.default\">\n\t\t\t\t\t\t\t\t\t<p>\u00a0<\/p><div id=\"statement_header\"><p data-start=\"58\" data-end=\"121\">Ceci est une d\u00e9claration d'accessibilit\u00e9 de PRIMECUT, SOLU\u00c7\u00d5ES DE CORTE, LDA.<\/p><h3 data-start=\"128\" data-end=\"154\">\u00c9tat de conformit\u00e9<\/h3><p data-start=\"156\" data-end=\"418\">Le <strong data-start=\"159\" data-end=\"216\">Lignes directrices pour l'accessibilit\u00e9 des contenus web (WCAG)<\/strong> d\u00e9finissent des exigences pour les concepteurs et les programmeurs dans le but d'am\u00e9liorer l'accessibilit\u00e9 pour les personnes handicap\u00e9es. Les WCAG d\u00e9finissent trois niveaux de conformit\u00e9 : le niveau A, le niveau AA et le niveau AAA.<\/p><p data-start=\"420\" data-end=\"616\">A <strong data-start=\"422\" data-end=\"442\">Cortec Cutting<\/strong> est pleinement conforme \u00e0 la <strong data-start=\"475\" data-end=\"498\">WCAG 2.2 - niveau AA<\/strong>. Enti\u00e8rement conforme signifie que le contenu est enti\u00e8rement conforme \u00e0 la norme d'accessibilit\u00e9, sans aucune exception.<\/p><h3 data-start=\"623\" data-end=\"635\">Retour d'information<\/h3><p data-start=\"637\" data-end=\"797\">Nous vous remercions de nous avoir fait part de vos commentaires sur l'accessibilit\u00e9 du site web de la Commission europ\u00e9enne. <strong data-start=\"690\" data-end=\"710\">Cortec Cutting<\/strong>. Si vous trouvez des obstacles \u00e0 l'accessibilit\u00e9 au Cortec Cortantes, veuillez nous en faire part :<\/p><p data-start=\"799\" data-end=\"835\"><strong data-start=\"799\" data-end=\"810\">E-mail :<\/strong> <a class=\"decorated-link cursor-pointer\" rel=\"noopener\" data-start=\"811\" data-end=\"835\">geral@cortecprimecut.com<\/a><\/p><h3 data-start=\"842\" data-end=\"869\">Sp\u00e9cifications techniques<\/h3><p data-start=\"871\" data-end=\"1081\">L'accessibilit\u00e9 des <strong data-start=\"891\" data-end=\"911\">Cortec Cutting<\/strong> s'appuie sur les technologies suivantes pour fonctionner avec la combinaison sp\u00e9cifique du navigateur web et de toutes les technologies de soutien ou plugins install\u00e9s sur votre ordinateur :<\/p><ul data-start=\"1083\" data-end=\"1112\"><li data-start=\"1083\" data-end=\"1091\"><p data-start=\"1085\" data-end=\"1091\">HTML<\/p><\/li><li data-start=\"1092\" data-end=\"1104\"><p data-start=\"1094\" data-end=\"1104\">WAI-ARIA<\/p><\/li><li data-start=\"1105\" data-end=\"1112\"><p data-start=\"1107\" data-end=\"1112\">CSS<\/p><\/li><\/ul><p data-start=\"1114\" data-end=\"1217\">Ces technologies sont utilis\u00e9es pour garantir la conformit\u00e9 avec les normes d'accessibilit\u00e9 adopt\u00e9es.<\/p><h3 data-start=\"1224\" data-end=\"1247\">M\u00e9thode d'\u00e9valuation<\/h3><p data-start=\"1249\" data-end=\"1350\">A <strong data-start=\"1251\" data-end=\"1270\">CORTEC Primecut<\/strong> a \u00e9valu\u00e9 l'accessibilit\u00e9 des <strong data-start=\"1299\" data-end=\"1319\">Cortec Cutting<\/strong> selon l'approche suivante :<\/p><ul data-start=\"1352\" data-end=\"1367\"><li data-start=\"1352\" data-end=\"1367\"><p data-start=\"1354\" data-end=\"1367\">Auto-\u00e9valuation<\/p><\/li><\/ul><h3 data-start=\"1374\" data-end=\"1382\">Date<\/h3><p data-start=\"1384\" data-end=\"1521\">Cette d\u00e9claration a \u00e9t\u00e9 cr\u00e9\u00e9e en <strong data-start=\"1414\" data-end=\"1440\">5 f\u00e9vrier 2026<\/strong>, en utilisant le <strong data-start=\"1455\" data-end=\"1520\">Outil de g\u00e9n\u00e9ration de d\u00e9clarations d'accessibilit\u00e9 du W3C<\/strong>.<\/p><\/div>\t\t\t\t\t\t\t\t<\/div>\n\t\t\t\t\t<\/div>\n\t\t\t\t<\/div>\n\t\t\t\t<\/div>","protected":false},"excerpt":{"rendered":"<p>Declara\u00e7\u00e3o de Acessibilidade para a Cortec Cortantes \u00a0 Esta \u00e9 uma declara\u00e7\u00e3o de acessibilidade da PRIMECUT, SOLU\u00c7\u00d5ES DE CORTE, LDA. Estado de conformidade As Diretrizes de Acessibilidade para Conte\u00fado Web (WCAG) definem requisitos para designers e programadores com o objetivo de melhorar a acessibilidade para pessoas com defici\u00eancia. As WCAG definem tr\u00eas n\u00edveis de conformidade: [&hellip;]<\/p>\n","protected":false},"author":1,"featured_media":0,"parent":0,"menu_order":0,"comment_status":"closed","ping_status":"closed","template":"","meta":{"footnotes":""},"class_list":["post-3968","page","type-page","status-publish","hentry"],"_links":{"self":[{"href":"https:\/\/cortec-cortantes.com\/fr\/wp-json\/wp\/v2\/pages\/3968","targetHints":{"allow":["GET"]}}],"collection":[{"href":"https:\/\/cortec-cortantes.com\/fr\/wp-json\/wp\/v2\/pages"}],"about":[{"href":"https:\/\/cortec-cortantes.com\/fr\/wp-json\/wp\/v2\/types\/page"}],"author":[{"embeddable":true,"href":"https:\/\/cortec-cortantes.com\/fr\/wp-json\/wp\/v2\/users\/1"}],"replies":[{"embeddable":true,"href":"https:\/\/cortec-cortantes.com\/fr\/wp-json\/wp\/v2\/comments?post=3968"}],"version-history":[{"count":21,"href":"https:\/\/cortec-cortantes.com\/fr\/wp-json\/wp\/v2\/pages\/3968\/revisions"}],"predecessor-version":[{"id":4251,"href":"https:\/\/cortec-cortantes.com\/fr\/wp-json\/wp\/v2\/pages\/3968\/revisions\/4251"}],"wp:attachment":[{"href":"https:\/\/cortec-cortantes.com\/fr\/wp-json\/wp\/v2\/media?parent=3968"}],"curies":[{"name":"wp","href":"https:\/\/api.w.org\/{rel}","templated":true}]}}