{"id":3979,"date":"2026-02-05T10:41:46","date_gmt":"2026-02-05T10:41:46","guid":{"rendered":"https:\/\/cortec-cortantes.com\/beta1\/?page_id=3979"},"modified":"2026-03-04T00:19:35","modified_gmt":"2026-03-04T00:19:35","slug":"politique-en-matiere-de-cookies","status":"publish","type":"page","link":"https:\/\/cortec-cortantes.com\/fr\/politique-en-matiere-de-cookies\/","title":{"rendered":"Politique en Mati\u00e8re de Cookies"},"content":{"rendered":"<div data-elementor-type=\"wp-page\" data-elementor-id=\"3979\" class=\"elementor elementor-3979\" data-elementor-post-type=\"page\">\n\t\t\t\t<div class=\"elementor-element elementor-element-7c66c560 e-flex e-con-boxed e-con e-parent\" data-id=\"7c66c560\" data-element_type=\"container\" data-e-type=\"container\">\n\t\t\t\t\t<div class=\"e-con-inner\">\n\t\t\t\t<div class=\"elementor-element elementor-element-1c30658b elementor-widget elementor-widget-spacer\" data-id=\"1c30658b\" data-element_type=\"widget\" data-e-type=\"widget\" data-widget_type=\"spacer.default\">\n\t\t\t\t\t\t\t<div class=\"elementor-spacer\">\n\t\t\t<div class=\"elementor-spacer-inner\"><\/div>\n\t\t<\/div>\n\t\t\t\t\t\t<\/div>\n\t\t\t\t\t<\/div>\n\t\t\t\t<\/div>\n\t\t<div class=\"elementor-element elementor-element-11999a42 e-flex e-con-boxed e-con e-parent\" data-id=\"11999a42\" data-element_type=\"container\" data-e-type=\"container\" data-settings=\"{&quot;background_background&quot;:&quot;classic&quot;}\">\n\t\t\t\t\t<div class=\"e-con-inner\">\n\t\t\t\t<div class=\"elementor-element elementor-element-e12d5af elementor-widget elementor-widget-heading\" data-id=\"e12d5af\" data-element_type=\"widget\" data-e-type=\"widget\" data-widget_type=\"heading.default\">\n\t\t\t\t\t<h2 class=\"elementor-heading-title elementor-size-default\">Politique en Mati\u00e8re de Cookies<\/h2>\t\t\t\t<\/div>\n\t\t\t\t<div class=\"elementor-element elementor-element-35975cb3 elementor-widget elementor-widget-text-editor\" data-id=\"35975cb3\" data-element_type=\"widget\" data-e-type=\"widget\" data-widget_type=\"text-editor.default\">\n\t\t\t\t\t\t\t\t\t<p>Derni\u00e8re mise \u00e0 jour : 05 f\u00e9vrier 2026<\/p><p>La pr\u00e9sente politique en mati\u00e8re de cookies explique ce que sont les cookies et comment nous les utilisons. Vous devez lire cette politique pour comprendre quel type de cookies nous utilisons, ou quelles informations nous collectons par le biais des cookies et comment ces informations sont utilis\u00e9es. Cette politique en mati\u00e8re de cookies a \u00e9t\u00e9 \u00e9labor\u00e9e avec l'aide de <a href=\"https:\/\/www.termsfeed.com\/cookies-policy-generator\/\" target=\"_blank\" rel=\"noopener\">G\u00e9n\u00e9rateur de politique de cookies<\/a>.<\/p><p>Les cookies ne contiennent normalement aucune information permettant d'identifier personnellement un utilisateur, mais les informations personnelles que nous stockons \u00e0 votre sujet peuvent \u00eatre associ\u00e9es aux informations stock\u00e9es et obtenues par le biais des cookies. Pour plus d'informations sur la mani\u00e8re dont nous utilisons, stockons et s\u00e9curisons vos donn\u00e9es personnelles, veuillez vous r\u00e9f\u00e9rer \u00e0 notre politique de confidentialit\u00e9, si et quand elle est disponible sur le site web ou sur notre site web.<\/p><p>Nous ne stockons pas d'informations personnelles sensibles telles que des adresses, des mots de passe de compte, etc. dans les cookies que nous utilisons.<\/p><h2>Interpr\u00e9tation et d\u00e9finitions<\/h2><h3>Interpr\u00e9tation<\/h3><p>Les mots dont la lettre initiale est en majuscule ont le sens d\u00e9fini dans les conditions suivantes. Les d\u00e9finitions suivantes ont la m\u00eame signification, qu'elles soient au singulier ou au pluriel.<\/p><h3>D\u00e9finitions<\/h3><p>Aux fins de la pr\u00e9sente politique en mati\u00e8re de cookies :<\/p><ul><li><strong>Entreprise<\/strong> (d\u00e9nomm\u00e9e \u201cla Soci\u00e9t\u00e9\u201d, \u201cNous\u201d, \u201cNotre\u201d ou \u201cNos\u201d dans la pr\u00e9sente Politique en mati\u00e8re de cookies) se r\u00e9f\u00e8re \u00e0 PRIMECUT, SOLU\u00c7\u00d5ES DE CORTE, LDA, Zona Ind. de Pedras Nr. 1, 3700-748 Milheir\u00f3s de Poiares, Portugal.<\/li><li><strong>Cookies<\/strong> sont de petits fichiers plac\u00e9s sur votre ordinateur, votre appareil mobile ou tout autre appareil par un site web, contenant des d\u00e9tails sur votre historique de navigation sur ce site web, entre autres utilisations.<\/li><li><strong>Site web<\/strong> se r\u00e9f\u00e8re \u00e0 Cortec Cortantes, accessible \u00e0 partir de <a href=\"\/fr\/cortec-cortantes.com\/\" target=\"_blank\" rel=\"external nofollow noopener\">cortec-cortantes.com<\/a>.<\/li><li><strong>Utilisateur<\/strong> d\u00e9signe la personne physique qui acc\u00e8de au site web ou l'utilise, ou une soci\u00e9t\u00e9, ou toute entit\u00e9 juridique au nom de laquelle cette personne acc\u00e8de au site web ou l'utilise, selon le cas.<\/li><\/ul><h2>Utilisation des cookies<\/h2><h3>Types de cookies que nous utilisons<\/h3><p>Les cookies peuvent \u00eatre \u201cpersistants\u201d ou \u201cde session\u201d. Les cookies persistants restent sur votre ordinateur personnel ou votre appareil mobile lorsque vous \u00eates hors ligne, tandis que les cookies de session sont supprim\u00e9s d\u00e8s que vous fermez votre navigateur web.<\/p><p>Lorsque la loi l'exige, nous vous demanderons votre consentement avant d'utiliser des cookies qui ne sont pas strictement n\u00e9cessaires. Les cookies strictement n\u00e9cessaires sont utilis\u00e9s pour fournir le site web et ne peuvent pas \u00eatre d\u00e9sactiv\u00e9s sur nos syst\u00e8mes.<\/p><p>Nous utilisons des cookies de session et des cookies persistants aux fins d\u00e9crites ci-dessous :<\/p><ul><li><p><strong>Cookies n\u00e9cessaires \/ essentiels<\/strong><\/p><p>Type : Cookies de session<\/p><p>G\u00e9r\u00e9 par : Nous<\/p><p>Objectif : Ces cookies sont essentiels pour fournir les services du site web et permettre l'utilisation de certaines de ses fonctionnalit\u00e9s. Ils permettent d'authentifier les utilisateurs et d'\u00e9viter l'utilisation frauduleuse des comptes d'utilisateurs. Sans ces cookies, les services demand\u00e9s ne peuvent pas \u00eatre fournis, et ces cookies sont utilis\u00e9s exclusivement \u00e0 cette fin.<\/p><\/li><li><p><strong>Cookies de fonctionnalit\u00e9<\/strong><\/p><p>Type : Cookies persistants<\/p><p>G\u00e9r\u00e9 par : Nous<\/p><p>Objectif : Ces cookies permettent de m\u00e9moriser les choix effectu\u00e9s par l'utilisateur lors de l'utilisation du site web, tels que les donn\u00e9es de connexion ou les pr\u00e9f\u00e9rences linguistiques. L'objectif de ces cookies est de fournir une exp\u00e9rience plus personnalis\u00e9e et de vous \u00e9viter d'avoir \u00e0 r\u00e9introduire vos pr\u00e9f\u00e9rences \u00e0 chaque fois que vous utilisez le site web.<\/p><\/li><\/ul><h3>Vos choix en mati\u00e8re de cookies<\/h3><p>Si vous pr\u00e9f\u00e9rez emp\u00eacher l'utilisation de cookies sur le site web, vous devez d'abord d\u00e9sactiver l'utilisation de cookies dans votre navigateur, puis supprimer les cookies stock\u00e9s dans le navigateur associ\u00e9 au site web. Vous pouvez utiliser cette option pour emp\u00eacher l'utilisation de cookies \u00e0 tout moment.<\/p><p>Si vous n'acceptez pas nos cookies, il se peut que vous rencontriez certains inconv\u00e9nients lors de l'utilisation du site web et que certaines fonctionnalit\u00e9s ne fonctionnent pas correctement.<\/p><p>Si vous souhaitez supprimer les cookies ou demander \u00e0 votre navigateur Internet de les supprimer ou de les refuser, veuillez consulter les pages d'aide de votre navigateur :<\/p><ul><li><p>Pour le navigateur Google Chrome, visitez cette page Google : <a href=\"https:\/\/support.google.com\/accounts\/answer\/32050\" target=\"_blank\" rel=\"external nofollow noopener\">https:\/\/support.google.com\/accounts\/answer\/32050<\/a><\/p><\/li><li><p>Pour le navigateur Microsoft Edge, consultez cette page de Microsoft : <a href=\"https:\/\/support.microsoft.com\/microsoft-edge\/delete-cookies-in-microsoft-edge-63947406-40ac-c3b8-57b9-2a946a29ae09\" target=\"_blank\" rel=\"external nofollow noopener\">https:\/\/support.microsoft.com\/microsoft-edge\/delete-cookies-in-microsoft-edge-63947406-40ac-c3b8-57b9-2a946a29ae09<\/a><\/p><\/li><li><p>Pour le navigateur Mozilla Firefox, visitez cette page Mozilla : <a href=\"https:\/\/support.mozilla.org\/en-US\/kb\/delete-cookies-remove-info-websites-stored\" target=\"_blank\" rel=\"external nofollow noopener\">https:\/\/support.mozilla.org\/en-US\/kb\/delete-cookies-remove-info-websites-stored<\/a><\/p><\/li><li><p>Pour le navigateur Safari, visitez cette page Apple : <a href=\"https:\/\/support.apple.com\/guide\/safari\/manage-cookies-and-website-data-sfri11471\/mac\" target=\"_blank\" rel=\"external nofollow noopener\">https:\/\/support.apple.com\/guide\/safari\/manage-cookies-and-website-data-sfri11471\/mac<\/a><\/p><\/li><\/ul><p>Pour tout autre navigateur, consultez les pages officielles du fournisseur concern\u00e9.<\/p><h3>Modifications de la pr\u00e9sente politique en mati\u00e8re de cookies<\/h3><p>Nous pouvons mettre \u00e0 jour la pr\u00e9sente politique en mati\u00e8re de cookies de temps \u00e0 autre. La date de \u201cderni\u00e8re mise \u00e0 jour\u201d en haut de page indique la date de la derni\u00e8re r\u00e9vision.<\/p><h3>Contact<\/h3><p>Si vous avez des questions concernant cette politique en mati\u00e8re de cookies, vous pouvez nous contacter :<\/p><ul><li>Par courrier \u00e9lectronique : geral@cortecprimecut.com<\/li><\/ul>\t\t\t\t\t\t\t\t<\/div>\n\t\t\t\t\t<\/div>\n\t\t\t\t<\/div>\n\t\t\t\t<\/div>","protected":false},"excerpt":{"rendered":"<p>Pol\u00edtica de Cookies \u00daltima atualiza\u00e7\u00e3o: 05 de fevereiro de 2026 Esta Pol\u00edtica de Cookies explica o que s\u00e3o Cookies e como os utilizamos. Deve ler esta pol\u00edtica para compreender que tipo de cookies utilizamos, ou que informa\u00e7\u00f5es recolhemos atrav\u00e9s dos cookies e de que forma essas informa\u00e7\u00f5es s\u00e3o utilizadas. Esta Pol\u00edtica de Cookies foi criada [&hellip;]<\/p>\n","protected":false},"author":1,"featured_media":0,"parent":0,"menu_order":0,"comment_status":"closed","ping_status":"closed","template":"","meta":{"footnotes":""},"class_list":["post-3979","page","type-page","status-publish","hentry"],"_links":{"self":[{"href":"https:\/\/cortec-cortantes.com\/fr\/wp-json\/wp\/v2\/pages\/3979","targetHints":{"allow":["GET"]}}],"collection":[{"href":"https:\/\/cortec-cortantes.com\/fr\/wp-json\/wp\/v2\/pages"}],"about":[{"href":"https:\/\/cortec-cortantes.com\/fr\/wp-json\/wp\/v2\/types\/page"}],"author":[{"embeddable":true,"href":"https:\/\/cortec-cortantes.com\/fr\/wp-json\/wp\/v2\/users\/1"}],"replies":[{"embeddable":true,"href":"https:\/\/cortec-cortantes.com\/fr\/wp-json\/wp\/v2\/comments?post=3979"}],"version-history":[{"count":13,"href":"https:\/\/cortec-cortantes.com\/fr\/wp-json\/wp\/v2\/pages\/3979\/revisions"}],"predecessor-version":[{"id":4254,"href":"https:\/\/cortec-cortantes.com\/fr\/wp-json\/wp\/v2\/pages\/3979\/revisions\/4254"}],"wp:attachment":[{"href":"https:\/\/cortec-cortantes.com\/fr\/wp-json\/wp\/v2\/media?parent=3979"}],"curies":[{"name":"wp","href":"https:\/\/api.w.org\/{rel}","templated":true}]}}